{"id":142,"date":"2022-05-30T18:14:47","date_gmt":"2022-05-30T21:14:47","guid":{"rendered":"http:\/\/www.hidrosoluciones.com.ar\/?page_id=142"},"modified":"2022-06-28T14:31:19","modified_gmt":"2022-06-28T17:31:19","slug":"quienes-somos","status":"publish","type":"page","link":"http:\/\/www.hidrosoluciones.com.ar\/index.php\/quienes-somos\/","title":{"rendered":"\u00bfQui\u00e9nes Somos?"},"content":{"rendered":"<p>[et_pb_section fb_built=&#8221;1&#8243; admin_label=&#8221;Hero&#8221; _builder_version=&#8221;4.17.4&#8243; _module_preset=&#8221;default&#8221; use_background_color_gradient=&#8221;on&#8221; background_color_gradient_type=&#8221;circular&#8221; background_color_gradient_direction_radial=&#8221;top left&#8221; background_color_gradient_stops=&#8221;rgba(40,40,40,0.79) 0%|rgba(40,40,40,0.86) 100%&#8221; background_color_gradient_overlays_image=&#8221;on&#8221; background_color_gradient_start=&#8221;rgba(40,40,40,0.79)&#8221; background_color_gradient_end=&#8221;rgba(40,40,40,0.86)&#8221; background_image=&#8221;http:\/\/www.hidrosoluciones.com.ar\/wp-content\/uploads\/2022\/06\/Foto-se-Servicios-principal-1.webp&#8221; custom_margin=&#8221;||||false&#8221; custom_padding=&#8221;10vw||10vw||true|false&#8221; global_colors_info=&#8221;{}&#8221;][et_pb_row column_structure=&#8221;2_3,1_3&#8243; _builder_version=&#8221;4.16&#8243; _module_preset=&#8221;default&#8221; global_colors_info=&#8221;{}&#8221;][et_pb_column type=&#8221;2_3&#8243; _builder_version=&#8221;4.16&#8243; _module_preset=&#8221;default&#8221; custom_padding=&#8221;|||&#8221; global_colors_info=&#8221;{}&#8221; custom_padding__hover=&#8221;|||&#8221;][et_pb_text _builder_version=&#8221;4.17.4&#8243; _module_preset=&#8221;default&#8221; text_font=&#8221;||||||||&#8221; header_font=&#8221;Lato|700|||||||&#8221; header_font_size=&#8221;64px&#8221; header_line_height=&#8221;1.1em&#8221; background_layout=&#8221;dark&#8221; max_width=&#8221;800px&#8221; custom_margin=&#8221;||0px|&#8221; custom_padding=&#8221;|||16px&#8221; text_font_size_tablet=&#8221;14px&#8221; text_font_size_last_edited=&#8221;off|desktop&#8221; header_font_size_tablet=&#8221;44px&#8221; header_font_size_phone=&#8221;32px&#8221; header_font_size_last_edited=&#8221;on|phone&#8221; border_color_all=&#8221;gcid-821993f5-6bc3-445b-ad3c-8f166dc50ca0&#8243; border_width_left=&#8221;10px&#8221; global_colors_info=&#8221;{%22gcid-821993f5-6bc3-445b-ad3c-8f166dc50ca0%22:%91%22border_color_all%22%93}&#8221;]<\/p>\n<h1>\u00bfQui\u00e9nes Somos?<\/h1>\n<p>[\/et_pb_text][et_pb_text _builder_version=&#8221;4.17.4&#8243; _module_preset=&#8221;default&#8221; text_font=&#8221;Lato||||||||&#8221; text_font_size=&#8221;22px&#8221; text_line_height=&#8221;1.6em&#8221; header_font=&#8221;||||||||&#8221; background_layout=&#8221;dark&#8221; max_width=&#8221;800px&#8221; custom_margin=&#8221;|||&#8221; custom_padding=&#8221;20px||20px||true&#8221; text_font_size_tablet=&#8221;18px&#8221; text_font_size_phone=&#8221;&#8221; text_font_size_last_edited=&#8221;on|phone&#8221; global_colors_info=&#8221;{}&#8221;]<\/p>\n<p>Conoce al equipo de HIDROSOLUCIONES.<\/p>\n<p>[\/et_pb_text][et_pb_button button_url=&#8221;#mas-somos&#8221; button_text=&#8221;Leer m\u00e1s&#8221; _builder_version=&#8221;4.17.4&#8243; _module_preset=&#8221;default&#8221; custom_button=&#8221;on&#8221; button_text_size=&#8221;14px&#8221; button_bg_color=&#8221;gcid-821993f5-6bc3-445b-ad3c-8f166dc50ca0&#8243; button_border_width=&#8221;12px&#8221; button_border_color=&#8221;gcid-821993f5-6bc3-445b-ad3c-8f166dc50ca0&#8243; button_border_radius=&#8221;25px&#8221; button_letter_spacing=&#8221;4px&#8221; button_font=&#8221;Lato|700||on|||||&#8221; button_icon=&#8221;&#x24;||divi||400&#8243; background_layout=&#8221;dark&#8221; custom_margin=&#8221;|||&#8221; box_shadow_style=&#8221;preset1&#8243; box_shadow_color=&#8221;gcid-821993f5-6bc3-445b-ad3c-8f166dc50ca0&#8243; global_colors_info=&#8221;{%22gcid-821993f5-6bc3-445b-ad3c-8f166dc50ca0%22:%91%22button_border_color%22,%22button_bg_color%22,%22box_shadow_color%22%93}&#8221; button_text_size__hover_enabled=&#8221;off&#8221; button_one_text_size__hover_enabled=&#8221;off&#8221; button_two_text_size__hover_enabled=&#8221;off&#8221; button_text_color__hover_enabled=&#8221;off&#8221; button_one_text_color__hover_enabled=&#8221;off&#8221; button_two_text_color__hover_enabled=&#8221;off&#8221; button_border_width__hover_enabled=&#8221;off&#8221; button_one_border_width__hover_enabled=&#8221;off&#8221; button_two_border_width__hover_enabled=&#8221;off&#8221; button_border_color__hover_enabled=&#8221;off&#8221; button_one_border_color__hover_enabled=&#8221;off&#8221; button_two_border_color__hover_enabled=&#8221;off&#8221; button_border_radius__hover_enabled=&#8221;off&#8221; button_one_border_radius__hover_enabled=&#8221;off&#8221; button_two_border_radius__hover_enabled=&#8221;off&#8221; button_letter_spacing__hover_enabled=&#8221;off&#8221; button_one_letter_spacing__hover_enabled=&#8221;off&#8221; button_two_letter_spacing__hover_enabled=&#8221;off&#8221; button_bg_color__hover_enabled=&#8221;off&#8221; button_one_bg_color__hover_enabled=&#8221;off&#8221; button_two_bg_color__hover_enabled=&#8221;off&#8221;][\/et_pb_button][\/et_pb_column][et_pb_column type=&#8221;1_3&#8243; _builder_version=&#8221;4.16&#8243; _module_preset=&#8221;default&#8221; custom_padding=&#8221;|||&#8221; global_colors_info=&#8221;{}&#8221; custom_padding__hover=&#8221;|||&#8221;][\/et_pb_column][\/et_pb_row][\/et_pb_section][et_pb_section fb_built=&#8221;1&#8243; admin_label=&#8221;About Us&#8221; _builder_version=&#8221;4.16&#8243; _module_preset=&#8221;default&#8221; global_colors_info=&#8221;{}&#8221;][et_pb_row _builder_version=&#8221;4.16&#8243; _module_preset=&#8221;default&#8221; global_colors_info=&#8221;{}&#8221;][et_pb_column type=&#8221;4_4&#8243; _builder_version=&#8221;4.16&#8243; _module_preset=&#8221;default&#8221; custom_padding=&#8221;|||&#8221; global_colors_info=&#8221;{}&#8221; custom_padding__hover=&#8221;|||&#8221;][et_pb_text module_id=&#8221;#mas-somos&#8221; _builder_version=&#8221;4.17.4&#8243; _module_preset=&#8221;default&#8221; text_font=&#8221;||||||||&#8221; header_font=&#8221;||||||||&#8221; header_2_font=&#8221;Lato|700|||||||&#8221; header_2_font_size=&#8221;42px&#8221; header_2_line_height=&#8221;1.2em&#8221; text_orientation=&#8221;center&#8221; module_alignment=&#8221;center&#8221; custom_margin=&#8221;|||&#8221; custom_padding=&#8221;|||&#8221; header_2_font_size_tablet=&#8221;&#8221; header_2_font_size_phone=&#8221;36px&#8221; header_2_font_size_last_edited=&#8221;on|phone&#8221; locked=&#8221;off&#8221; global_colors_info=&#8221;{}&#8221;]<\/p>\n<h2>Acerca de nosotros<\/h2>\n<p>[\/et_pb_text][et_pb_divider color=&#8221;gcid-821993f5-6bc3-445b-ad3c-8f166dc50ca0&#8243; divider_position=&#8221;center&#8221; divider_weight=&#8221;5px&#8221; _builder_version=&#8221;4.17.4&#8243; _module_preset=&#8221;default&#8221; max_width=&#8221;50px&#8221; module_alignment=&#8221;center&#8221; locked=&#8221;off&#8221; global_colors_info=&#8221;{%22gcid-821993f5-6bc3-445b-ad3c-8f166dc50ca0%22:%91%22color%22%93}&#8221;][\/et_pb_divider][\/et_pb_column][\/et_pb_row][et_pb_row column_structure=&#8221;1_2,1_2&#8243; _builder_version=&#8221;4.16&#8243; _module_preset=&#8221;default&#8221; global_colors_info=&#8221;{}&#8221;][et_pb_column type=&#8221;1_2&#8243; _builder_version=&#8221;4.16&#8243; _module_preset=&#8221;default&#8221; custom_padding=&#8221;|||&#8221; global_colors_info=&#8221;{}&#8221; custom_padding__hover=&#8221;|||&#8221;][et_pb_text _builder_version=&#8221;4.17.4&#8243; _module_preset=&#8221;default&#8221; text_font=&#8221;||||||||&#8221; text_font_size=&#8221;15px&#8221; text_line_height=&#8221;1.8em&#8221; custom_padding=&#8221;|||&#8221; custom_padding_tablet=&#8221;|40px||40px||true&#8221; custom_padding_last_edited=&#8221;off|desktop&#8221; global_colors_info=&#8221;{}&#8221;]<\/p>\n<p>Nuestro equipo humano cuenta con profesionales altamente capacitados y t\u00e9cnicos especializados, quienes dise\u00f1an soluciones adaptadas a las necesidades de cada cliente en las \u00e1reas de dise\u00f1o, provisi\u00f3n de Plantas Potabilizadoras o Depuradoras y Equipos Purificadores de Agua ( ablandadores de agua autom\u00e1ticos, plantas desmineralizadotas de osmosis inversa o ultrafiltraci\u00f3n, filtros de agua, equipos de esterilizaci\u00f3n de agua por luz ultravioleta u ozono , bombas dosificadoras, etc); \u00a0Suministro Aditivos (antincrustantes, floculantes, coagulantes, antiespumantes, alguicidas, dispersantes para el acondicionamiento del agua de proceso, de consumo \u00a0y efluentes l\u00edquidos industriales o urbanos); implementando adem\u00e1s un riguroso servicio continuo de seguimiento , control y mantenimiento.<\/p>\n<p>[\/et_pb_text][\/et_pb_column][et_pb_column type=&#8221;1_2&#8243; _builder_version=&#8221;4.16&#8243; _module_preset=&#8221;default&#8221; custom_padding=&#8221;|||&#8221; global_colors_info=&#8221;{}&#8221; custom_padding__hover=&#8221;|||&#8221;][et_pb_text _builder_version=&#8221;4.17.4&#8243; _module_preset=&#8221;default&#8221; text_font=&#8221;||||||||&#8221; text_font_size=&#8221;15px&#8221; text_line_height=&#8221;1.8em&#8221; custom_padding=&#8221;|||&#8221; custom_padding_tablet=&#8221;|40px||40px||true&#8221; custom_padding_last_edited=&#8221;off|desktop&#8221; locked=&#8221;off&#8221; global_colors_info=&#8221;{}&#8221;]<\/p>\n<p>A tal efecto desde nuestros inicios nos hemos especializado en la construcci\u00f3n e instalaci\u00f3n equipos de dise\u00f1o propio estableciendo acuerdos con las m\u00e1s prestigiosas marcas del sector a nivel internacional y nacional, para distribuirlos en el mercado Argentino y poder atender globalmente los diferentesrequerimientos.<\/p>\n<p>[\/et_pb_text][\/et_pb_column][\/et_pb_row][\/et_pb_section][et_pb_section fb_built=&#8221;1&#8243; specialty=&#8221;on&#8221; padding_top_1=&#8221;80px&#8221; padding_bottom_1=&#8221;80px&#8221; padding_left_1=&#8221;60px&#8221; padding_top_bottom_link_1=&#8221;true&#8221; padding_left_right_link_1=&#8221;false&#8221; padding_1_tablet=&#8221;|10%||10%||true&#8221; padding_1_phone=&#8221;&#8221; padding_1_last_edited=&#8221;on|desktop&#8221; admin_label=&#8221;About Us Continued&#8221; _builder_version=&#8221;4.16&#8243; _module_preset=&#8221;default&#8221; background_color=&#8221;#f7f7f7&#8243; inner_width=&#8221;100%&#8221; inner_max_width=&#8221;100%&#8221; custom_padding=&#8221;0||||false|false&#8221; use_custom_width=&#8221;on&#8221; width_unit=&#8221;off&#8221; custom_width_percent=&#8221;100%&#8221; global_colors_info=&#8221;{}&#8221;][et_pb_column type=&#8221;1_3&#8243; _builder_version=&#8221;4.16&#8243; _module_preset=&#8221;default&#8221; custom_padding=&#8221;|||&#8221; global_colors_info=&#8221;{}&#8221; padding_tablet=&#8221;|10%||10%||true&#8221; padding_last_edited=&#8221;on|desktop&#8221; custom_padding__hover=&#8221;|||&#8221; padding_phone=&#8221;|10%||10%||true&#8221;][et_pb_text _builder_version=&#8221;4.16&#8243; _module_preset=&#8221;default&#8221; text_font=&#8221;||||||||&#8221; header_font=&#8221;||||||||&#8221; header_2_font=&#8221;Rubik|700|||||||&#8221; header_2_font_size=&#8221;32px&#8221; header_2_line_height=&#8221;1.2em&#8221; custom_margin=&#8221;|||&#8221; custom_padding=&#8221;|||&#8221; header_2_font_size_last_edited=&#8221;off|desktop&#8221; locked=&#8221;off&#8221; global_colors_info=&#8221;{}&#8221;]<\/p>\n<h2>\u00bfQu\u00e9 ofrecemos?<\/h2>\n<p>[\/et_pb_text][et_pb_blurb title=&#8221;Ofreciendo soluciones integrales a los problemas utilizando las tecnolog\u00edas m\u00e1s innovadoras y modernas.&#8221; use_icon=&#8221;on&#8221; font_icon=&#8221;&#x39;||divi||400&#8243; icon_color=&#8221;gcid-821993f5-6bc3-445b-ad3c-8f166dc50ca0&#8243; icon_placement=&#8221;left&#8221; image_icon_width=&#8221;56px&#8221; content_max_width=&#8221;1100px&#8221; content_max_width_tablet=&#8221;1100px&#8221; content_max_width_last_edited=&#8221;off|desktop&#8221; _builder_version=&#8221;4.17.4&#8243; _module_preset=&#8221;default&#8221; header_font=&#8221;Lato|700|||||||&#8221; header_font_size=&#8221;15px&#8221; header_line_height=&#8221;1.4em&#8221; body_font=&#8221;||||||||&#8221; body_font_size=&#8221;15px&#8221; body_line_height=&#8221;1.8em&#8221; image_icon_custom_margin=&#8221;-15px||||false|false&#8221; custom_margin=&#8221;||||false|false&#8221; custom_padding=&#8221;|||&#8221; animation_style=&#8221;slide&#8221; animation_direction=&#8221;right&#8221; animation_intensity_slide=&#8221;10%&#8221; animation=&#8221;off&#8221; icon_font_size=&#8221;56px&#8221; global_colors_info=&#8221;{%22gcid-821993f5-6bc3-445b-ad3c-8f166dc50ca0%22:%91%22icon_color%22%93}&#8221;][\/et_pb_blurb][et_pb_blurb title=&#8221;Proporcionamos instalaciones llave en mano completamente adaptadas al problema espec\u00edfico a tratar.&#8221; use_icon=&#8221;on&#8221; font_icon=&#8221;&#x39;||divi||400&#8243; icon_color=&#8221;gcid-821993f5-6bc3-445b-ad3c-8f166dc50ca0&#8243; icon_placement=&#8221;left&#8221; image_icon_width=&#8221;56px&#8221; content_max_width=&#8221;1100px&#8221; _builder_version=&#8221;4.17.4&#8243; _module_preset=&#8221;default&#8221; header_font=&#8221;Lato|700|||||||&#8221; header_font_size=&#8221;15px&#8221; header_line_height=&#8221;1.4em&#8221; body_font=&#8221;||||||||&#8221; body_font_size=&#8221;15px&#8221; body_line_height=&#8221;1.8em&#8221; image_icon_custom_margin=&#8221;-15px||||false|false&#8221; custom_margin=&#8221;||||false|false&#8221; custom_padding=&#8221;|||&#8221; animation_style=&#8221;slide&#8221; animation_direction=&#8221;right&#8221; animation_intensity_slide=&#8221;10%&#8221; animation=&#8221;off&#8221; icon_font_size=&#8221;56px&#8221; global_colors_info=&#8221;{%22gcid-821993f5-6bc3-445b-ad3c-8f166dc50ca0%22:%91%22icon_color%22%93}&#8221;][\/et_pb_blurb][et_pb_blurb title=&#8221;Facilitamos a nuestros clientes el asesoramiento y asistencia necesarios en todo momento, para mantener sus instalaciones en el m\u00e1ximo nivel de operatividad.&#8221; use_icon=&#8221;on&#8221; font_icon=&#8221;&#x39;||divi||400&#8243; icon_color=&#8221;gcid-821993f5-6bc3-445b-ad3c-8f166dc50ca0&#8243; icon_placement=&#8221;left&#8221; image_icon_width=&#8221;56px&#8221; content_max_width=&#8221;1100px&#8221; _builder_version=&#8221;4.17.4&#8243; _module_preset=&#8221;default&#8221; header_font=&#8221;Lato|700|||||||&#8221; header_font_size=&#8221;15px&#8221; header_line_height=&#8221;1.4em&#8221; body_font=&#8221;||||||||&#8221; body_font_size=&#8221;15px&#8221; body_line_height=&#8221;1.8em&#8221; image_icon_custom_margin=&#8221;-15px||||false|false&#8221; custom_margin=&#8221;||||false|false&#8221; custom_padding=&#8221;|||&#8221; animation_style=&#8221;slide&#8221; animation_direction=&#8221;right&#8221; animation_intensity_slide=&#8221;10%&#8221; animation=&#8221;off&#8221; icon_font_size=&#8221;56px&#8221; global_colors_info=&#8221;{%22gcid-821993f5-6bc3-445b-ad3c-8f166dc50ca0%22:%91%22icon_color%22%93}&#8221;][\/et_pb_blurb][et_pb_blurb title=&#8221;Realizando  alianzas de colaboraci\u00f3n con organizaciones p\u00fablicas y privadas de reconocida trayectoria, como con el LABORATORIO DE INGENIERIA SANITARIA (LIS), perteneciente a la Universidad Nacional de la Plata, entre otras.&#8221; use_icon=&#8221;on&#8221; font_icon=&#8221;&#x39;||divi||400&#8243; icon_color=&#8221;gcid-821993f5-6bc3-445b-ad3c-8f166dc50ca0&#8243; icon_placement=&#8221;left&#8221; image_icon_width=&#8221;56px&#8221; content_max_width=&#8221;1100px&#8221; _builder_version=&#8221;4.17.4&#8243; _module_preset=&#8221;default&#8221; header_font=&#8221;Lato|700|||||||&#8221; header_font_size=&#8221;15px&#8221; header_line_height=&#8221;1.4em&#8221; body_font=&#8221;||||||||&#8221; body_font_size=&#8221;15px&#8221; body_line_height=&#8221;1.8em&#8221; image_icon_custom_margin=&#8221;-15px||||false|false&#8221; custom_margin=&#8221;||||false|false&#8221; custom_padding=&#8221;|||&#8221; animation_style=&#8221;slide&#8221; animation_direction=&#8221;right&#8221; animation_intensity_slide=&#8221;10%&#8221; animation=&#8221;off&#8221; icon_font_size=&#8221;56px&#8221; locked=&#8221;off&#8221; global_colors_info=&#8221;{%22gcid-821993f5-6bc3-445b-ad3c-8f166dc50ca0%22:%91%22icon_color%22%93}&#8221;][\/et_pb_blurb][et_pb_blurb title=&#8221;Nuestra asistencia t\u00e9cnica tambi\u00e9n incluye apoyo para empresas que demandan entender los<br \/>\nrequerimientos normativos que establecen las leyes, e implementar sistemas de monitoreo, y control<br \/>\npara mantener  y verificar un funcionamiento seguro de sus instalaciones y demostrar que  se<br \/>\nencuentran dentro de las mismos.&#8221; use_icon=&#8221;on&#8221; font_icon=&#8221;&#x39;||divi||400&#8243; icon_color=&#8221;gcid-821993f5-6bc3-445b-ad3c-8f166dc50ca0&#8243; icon_placement=&#8221;left&#8221; image_icon_width=&#8221;56px&#8221; content_max_width=&#8221;1100px&#8221; _builder_version=&#8221;4.17.4&#8243; _module_preset=&#8221;default&#8221; header_font=&#8221;Lato|700|||||||&#8221; header_font_size=&#8221;15px&#8221; header_line_height=&#8221;1.4em&#8221; body_font=&#8221;||||||||&#8221; body_font_size=&#8221;15px&#8221; body_line_height=&#8221;1.8em&#8221; image_icon_custom_margin=&#8221;-15px||||false|false&#8221; custom_margin=&#8221;||||false|false&#8221; custom_padding=&#8221;|||&#8221; animation_style=&#8221;slide&#8221; animation_direction=&#8221;right&#8221; animation_intensity_slide=&#8221;10%&#8221; animation=&#8221;off&#8221; icon_font_size=&#8221;56px&#8221; locked=&#8221;off&#8221; global_colors_info=&#8221;{%22gcid-821993f5-6bc3-445b-ad3c-8f166dc50ca0%22:%91%22icon_color%22%93}&#8221;][\/et_pb_blurb][\/et_pb_column][et_pb_column type=&#8221;2_3&#8243; specialty_columns=&#8221;2&#8243; _builder_version=&#8221;4.16&#8243; _module_preset=&#8221;default&#8221; custom_padding=&#8221;|||&#8221; global_colors_info=&#8221;{}&#8221; custom_padding__hover=&#8221;|||&#8221;][et_pb_row_inner custom_padding_last_edited=&#8221;off|desktop&#8221; _builder_version=&#8221;4.16&#8243; _module_preset=&#8221;default&#8221; custom_margin=&#8221;|||&#8221; custom_padding=&#8221;0|0|0|0|true|true&#8221; custom_padding_tablet=&#8221;|40px||40px||true&#8221; global_colors_info=&#8221;{}&#8221;][et_pb_column_inner saved_specialty_column_type=&#8221;2_3&#8243; _builder_version=&#8221;4.16&#8243; _module_preset=&#8221;default&#8221; custom_padding=&#8221;|||&#8221; global_colors_info=&#8221;{}&#8221; custom_padding__hover=&#8221;|||&#8221;][et_pb_image src=&#8221;http:\/\/www.hidrosoluciones.com.ar\/wp-content\/uploads\/2022\/06\/Ablandador-Twin-HIDROSOLUCIONES-y-Servicios-min-scaled.jpg&#8221; title_text=&#8221;Ablandador Twin HIDROSOLUCIONES y Servicios-min&#8221; force_fullwidth=&#8221;on&#8221; align_tablet=&#8221;center&#8221; align_phone=&#8221;center&#8221; align_last_edited=&#8221;on|desktop&#8221; _builder_version=&#8221;4.17.4&#8243; _module_preset=&#8221;default&#8221; global_colors_info=&#8221;{}&#8221;][\/et_pb_image][\/et_pb_column_inner][\/et_pb_row_inner][et_pb_row_inner _builder_version=&#8221;4.17.4&#8243; _module_preset=&#8221;default&#8221; global_colors_info=&#8221;{}&#8221;][et_pb_column_inner saved_specialty_column_type=&#8221;2_3&#8243; _builder_version=&#8221;4.17.4&#8243; _module_preset=&#8221;default&#8221; global_colors_info=&#8221;{}&#8221;][et_pb_button button_url=&#8221;@ET-DC@eyJkeW5hbWljIjp0cnVlLCJjb250ZW50IjoicG9zdF9saW5rX3VybF9wYWdlIiwic2V0dGluZ3MiOnsicG9zdF9pZCI6IjI4In19@&#8221; button_text=&#8221;Ver m\u00e1s servicios&#8221; button_alignment=&#8221;center&#8221; _builder_version=&#8221;4.17.4&#8243; _dynamic_attributes=&#8221;button_url&#8221; _module_preset=&#8221;default&#8221; custom_button=&#8221;on&#8221; button_text_size=&#8221;14px&#8221; button_bg_color=&#8221;gcid-821993f5-6bc3-445b-ad3c-8f166dc50ca0&#8243; button_border_width=&#8221;12px&#8221; button_border_color=&#8221;gcid-821993f5-6bc3-445b-ad3c-8f166dc50ca0&#8243; button_border_radius=&#8221;25px&#8221; button_letter_spacing=&#8221;4px&#8221; button_font=&#8221;Lato|700||on|||||&#8221; button_icon=&#8221;&#x24;||divi||400&#8243; background_layout=&#8221;dark&#8221; custom_margin=&#8221;|||&#8221; box_shadow_style=&#8221;preset1&#8243; box_shadow_color=&#8221;gcid-821993f5-6bc3-445b-ad3c-8f166dc50ca0&#8243; global_colors_info=&#8221;{%22gcid-821993f5-6bc3-445b-ad3c-8f166dc50ca0%22:%91%22button_border_color%22,%22button_bg_color%22,%22box_shadow_color%22%93}&#8221;][\/et_pb_button][\/et_pb_column_inner][\/et_pb_row_inner][\/et_pb_column][\/et_pb_section]<\/p>\n","protected":false},"excerpt":{"rendered":"<p>\u00bfQui\u00e9nes Somos?Conoce al equipo de HIDROSOLUCIONES.Acerca de nosotrosNuestro equipo humano cuenta con profesionales altamente capacitados y t\u00e9cnicos especializados, quienes dise\u00f1an soluciones adaptadas a las necesidades de cada cliente en las \u00e1reas de dise\u00f1o, provisi\u00f3n de Plantas Potabilizadoras o Depuradoras y Equipos Purificadores de Agua ( ablandadores de agua autom\u00e1ticos, plantas desmineralizadotas de osmosis inversa o [&hellip;]<\/p>\n","protected":false},"author":1,"featured_media":0,"parent":0,"menu_order":0,"comment_status":"closed","ping_status":"closed","template":"","meta":{"_et_pb_use_builder":"on","_et_pb_old_content":"","_et_gb_content_width":"","footnotes":""},"class_list":["post-142","page","type-page","status-publish","hentry"],"_links":{"self":[{"href":"http:\/\/www.hidrosoluciones.com.ar\/index.php\/wp-json\/wp\/v2\/pages\/142","targetHints":{"allow":["GET"]}}],"collection":[{"href":"http:\/\/www.hidrosoluciones.com.ar\/index.php\/wp-json\/wp\/v2\/pages"}],"about":[{"href":"http:\/\/www.hidrosoluciones.com.ar\/index.php\/wp-json\/wp\/v2\/types\/page"}],"author":[{"embeddable":true,"href":"http:\/\/www.hidrosoluciones.com.ar\/index.php\/wp-json\/wp\/v2\/users\/1"}],"replies":[{"embeddable":true,"href":"http:\/\/www.hidrosoluciones.com.ar\/index.php\/wp-json\/wp\/v2\/comments?post=142"}],"version-history":[{"count":9,"href":"http:\/\/www.hidrosoluciones.com.ar\/index.php\/wp-json\/wp\/v2\/pages\/142\/revisions"}],"predecessor-version":[{"id":312,"href":"http:\/\/www.hidrosoluciones.com.ar\/index.php\/wp-json\/wp\/v2\/pages\/142\/revisions\/312"}],"wp:attachment":[{"href":"http:\/\/www.hidrosoluciones.com.ar\/index.php\/wp-json\/wp\/v2\/media?parent=142"}],"curies":[{"name":"wp","href":"https:\/\/api.w.org\/{rel}","templated":true}]}}